{"id":950,"date":"2020-04-21T02:09:57","date_gmt":"2020-04-21T02:09:57","guid":{"rendered":"http:\/\/localhost\/logonit\/?page_id=950"},"modified":"2022-12-29T07:07:40","modified_gmt":"2022-12-29T07:07:40","slug":"portfolio-4column","status":"publish","type":"page","link":"https:\/\/www.bqsystems.com.pl\/index.php\/portfolio-4column\/","title":{"rendered":"Portfolio"},"content":{"rendered":"\t\t<div data-elementor-type=\"wp-page\" data-elementor-id=\"950\" class=\"elementor elementor-950\">\n\t\t\t\t\t\t\t\t\t<section class=\"elementor-section elementor-top-section elementor-element elementor-element-3bf0b77 elementor-section-full_width elementor-section-height-default elementor-section-height-default\" data-id=\"3bf0b77\" data-element_type=\"section\">\n\t\t\t\t\t\t<div class=\"elementor-container elementor-column-gap-default\">\n\t\t\t\t\t<div class=\"elementor-column elementor-col-100 elementor-top-column elementor-element elementor-element-22d97d8\" data-id=\"22d97d8\" data-element_type=\"column\">\n\t\t\t<div class=\"elementor-widget-wrap elementor-element-populated\">\n\t\t\t\t\t\t\t\t<section class=\"elementor-section elementor-inner-section elementor-element elementor-element-b5f55f9 elementor-section-full_width elementor-section-height-default elementor-section-height-default\" data-id=\"b5f55f9\" data-element_type=\"section\">\n\t\t\t\t\t\t<div class=\"elementor-container elementor-column-gap-default\">\n\t\t\t\t\t<div class=\"elementor-column elementor-col-100 elementor-inner-column elementor-element elementor-element-7d69a6a\" data-id=\"7d69a6a\" data-element_type=\"column\">\n\t\t\t<div class=\"elementor-widget-wrap elementor-element-populated\">\n\t\t\t\t\t\t\t\t<div class=\"elementor-element elementor-element-4c302d0 wittr_pfilter_menu--align-center elementor-widget elementor-widget-witr_portfolio_section\" data-id=\"4c302d0\" data-element_type=\"widget\" data-widget_type=\"witr_portfolio_section.default\">\n\t\t\t\t<div class=\"elementor-widget-container\">\n\t\t\t\t\t\n\t\t\n\t\t<div class=\"clearfix kicuakta\">\n\t\t\t<div class=\"col-md-12\">\n\t\t\t\t<div class=\"portfolio_nav  wittr_pfilter_menu\">\n\t\t\t\t\t<ul id=\"filter\" class=\"filter_menu \">\n\t\t\t\t\t\t<li class=\"current_menu_item\" data-filter=\"*\" >Wszystkie<\/li>\n\t\t\t\t\t\t\t\t\t\t\t\t\t<li   data-filter=\".crawler\">Crawler<\/li>\n\t\t\t\t\t\t\t\t\t\t\t\t\t\t\n\t\t\t\t\t\t\t\t\t\t\t\t\t\t<li   data-filter=\".przetwarzanie-baz-danych\">Przetwarzanie Baz Danych<\/li>\n\t\t\t\t\t\t\t\t\t\t\t\t\t\t\n\t\t\t\t\t\t\t\t\t\t\t\t\t\t<li   data-filter=\".serwisy-internetowe\">Serwisy Internetowe<\/li>\n\t\t\t\t\t\t\t\t\t\t\t\t\t\t\n\t\t\t\t\t\t\t\t\t\t\t\t\t\t<li   data-filter=\".system-crm\">System CRM<\/li>\n\t\t\t\t\t\t\t\t\t\t\t\t\t\t\n\t\t\t\t\t\t\t\t\t\t\t<\/ul>\n\t\t\t\t<\/div>\n\n\t\t\t<\/div>\t\t\t\t\n\t\t<\/div>\t\t\t\n\t\t\n\t\t\n\t\t\t\t\t<div class=\" em_load pstyle_1 pstyle4\">\t\t\n\t\t\t\t<div class=\"prot_wrap\">\n\t\t\t\t\n\t\t\t\t\t\t\t\t\t\t\t<!-- single portfolio -->\n\t\t\t\t\t<div class=\"col-lg-2  grid-item col-md-6 col-xs-12 col-sm-12 crawler przetwarzanie-baz-danych    witr_all_mb_30\" >\n\t\t\t\t\t\t\t<div class=\"single_protfolio\">\n\t\t\t\t\t\t\t\n\t\t\t\t\t\t\t\t\n\t\t\t\t\t\t\t\t\n\t\t\t\t\t\t\t\t\t\t\t\t\t\n\t\t\t\t\t\t\t<div class=\"prot_thumb\">\n\t\t\t\t\t\t\t\t\n\t\t\t\t\t\t\t\t\t<img loading=\"lazy\" decoding=\"async\" width=\"560\" height=\"560\" src=\"https:\/\/www.bqsystems.com.pl\/wp-content\/uploads\/2023\/01\/scrape-big-data-560x560.png\" class=\"attachment-themex-gallery-thumb size-themex-gallery-thumb wp-post-image\" alt=\"\" srcset=\"https:\/\/www.bqsystems.com.pl\/wp-content\/uploads\/2023\/01\/scrape-big-data-560x560.png 560w, https:\/\/www.bqsystems.com.pl\/wp-content\/uploads\/2023\/01\/scrape-big-data-150x150.png 150w, https:\/\/www.bqsystems.com.pl\/wp-content\/uploads\/2023\/01\/scrape-big-data-450x450.png 450w, https:\/\/www.bqsystems.com.pl\/wp-content\/uploads\/2023\/01\/scrape-big-data-106x106.png 106w\" sizes=\"auto, (max-width: 560px) 100vw, 560px\" \/>\t\t\t\t\t\t\t\t\n\t\t\t\t\t\t\t\t<div class=\"prot_content\">\n\t\t\t\t\t\t\t\t\t<div class=\"prot_content_inner\">\n\n\t\t\t\t\t\t\t\t\t\n\t\t\t\t\t\t\t\t\t<div class=\"picon\">\n\t\t\t\t\t\t\t\t\t\t\t\t\t\t\t\t\t\t\n\t\t\t\t\t\t\t\t\t\t\t\t\t\t\t\t\n\t\t\t\t\t\t\t\t\t\t\t\t\t\t\t\t\t\t\t\n\t\t\t\t\t\t\t\t\t\t<a class=\"portfolio-icon venobox\" data-gall=\"myportfolio\" href=\"https:\/\/www.bqsystems.com.pl\/wp-content\/uploads\/2023\/01\/scrape-big-data.png\"><i class=\"fas fa-arrows-alt\"><\/i><\/a>\n\t\t\t\t\t\t\t\t\t\t\n\t\t\t\t\t\t\t\t\t\t\t\n\t\t\t\t\t\t\t\t\t\t<a href=\"https:\/\/www.bqsystems.com.pl\/index.php\/em_portfolios\/isde-platforma-gromadzenia-danych-internetowych\/\"><i class=\"fas fa-link\"><\/i><\/a>\t\n\t\t\t\t\t\t\t\t\t\t\n\t\t\t\t\t\t\t\t\t\t\n\t\t\t\t\t\t\t\t\t\t\n\t\t\t\t\t\t\t\t\t<\/div>\n\t\t\t\t\t\t\t\t\t\t\t\t\t\t\t\t\t\t\t\t\n\t\t\t\t\t\t\t\t\t\t\t\t\t\t\t\t\t\t\t\t\n\t\t\t\t\t\t\t\t\t\t\t\t\t\t\t\t\t\t\n\t\t\t\t\t\t\t\t\t\t\n\t\t\t\t\t\t\n\t\t\t\t\t\t\t\t\t<\/div>\n\n\t\t\t\t\t\t\t\t\n\t\t\t\t\t\t\t\t\t\n\t\t\t\t\t\t\t\t<\/div>\n\t\t\t\t\t\t\t\t\t\t\n\t\t\t\t\t\t\t<\/div>\t\n\n\t\t\t\t\t\t\t\t\t\t\t\t\t\t\t\t\t\t\t<div class=\"pprotfolio4\">\n\t\t\t\t\t\t\t\t\t\t\t<div class=\"porttitle_inner4\">\n\t\t\t\t\t\t\t\t\t\t\t\t\n\t\t\t\t\t\t\t\t\t\t\t\t<h3><a href=\"https:\/\/www.bqsystems.com.pl\/index.php\/em_portfolios\/isde-platforma-gromadzenia-danych-internetowych\/\">ISDE &#8211; Platforma Gromadzenia Danych Internetowych<\/a><\/h3>\n\t\t\t\t\t\t\t\t\t\t\t\t\n\t\t\t\t\t\t\t\t\t\t\t\t\n\t\t\t\t\t\t\t\t\t\t\t\t\t\t\t\t\t\t\t\t\t\t\t\t<p>\n\t\t\t\t\t\t\t\t\t\t\t\t\t\t\t\t\t\t\t\t\t\t\t\t\t\t\t<span class=\"category-item-p\">\n\t\t\t\t\t\t\t\t\t\t\t\t\t\t   Crawler\t\t\t\t\t\t\t\t\t\t\t\t\t\t<\/span>\t\t\t\t\t\t\t\t\t\t\t\t\t\t\t\t\t\t\t\n\t\t\t\t\t\t\t\t\t\t\t\t\t\t\t\t\t\t\t\t\t\t\t\t\t\t\t<span class=\"category-item-p\">\n\t\t\t\t\t\t\t\t\t\t\t\t\t\t   Przetwarzanie Baz Danych\t\t\t\t\t\t\t\t\t\t\t\t\t\t<\/span>\t\t\t\t\t\t\t\t\t\t\t\t\t\t\t\t\t\t\t\n\t\t\t\t\t\t\t\t\t\t\t\t\t\t\t\t\t\t\t\t\t\t\t\t\t\t\t\n\t\t\t\t\t\t\t\t\t\t\t\t<\/p>\n\t\t\t\t\t\t\t\t\t\t\t\t\t\t\t\t\t\t\t\t\t\t\t\t\n\t\t\t\t\t\t\t\t\t\t\t\t\t\n\t\t\t\t\t\t\t\t\t\t\t<\/div>\n\t\t\t\t\t\t\t\t\t\t<\/div>\n\t\t\t\t\t\t\t\t\t\n\t\t\t\t\t\t\t\t\t\n\t\t\t\t\t\t\t\t\t\t\t\n\t\t\t\t\t\t\t\t\t\t\t\t\t\t\t\t\t\n\n\t\t\t\t\t\t\t\t\n\t\t\t\t\t\t\t<\/div>\n\t\t\t\t\t\t<\/div>\n\t\t\t\t\t\t\t\t\t\t\t<!-- single portfolio -->\n\t\t\t\t\t<div class=\"col-lg-2  grid-item col-md-6 col-xs-12 col-sm-12 przetwarzanie-baz-danych    witr_all_mb_30\" >\n\t\t\t\t\t\t\t<div class=\"single_protfolio\">\n\t\t\t\t\t\t\t\n\t\t\t\t\t\t\t\t\n\t\t\t\t\t\t\t\t\n\t\t\t\t\t\t\t\t\t\t\t\t\t\n\t\t\t\t\t\t\t<div class=\"prot_thumb\">\n\t\t\t\t\t\t\t\t\n\t\t\t\t\t\t\t\t\t<img loading=\"lazy\" decoding=\"async\" width=\"450\" height=\"450\" src=\"https:\/\/www.bqsystems.com.pl\/wp-content\/uploads\/2022\/12\/b2b-450x360-3.jpg\" class=\"attachment-themex-gallery-thumb size-themex-gallery-thumb wp-post-image\" alt=\"\" srcset=\"https:\/\/www.bqsystems.com.pl\/wp-content\/uploads\/2022\/12\/b2b-450x360-3.jpg 450w, https:\/\/www.bqsystems.com.pl\/wp-content\/uploads\/2022\/12\/b2b-450x360-3-300x300.jpg 300w, https:\/\/www.bqsystems.com.pl\/wp-content\/uploads\/2022\/12\/b2b-450x360-3-150x150.jpg 150w, https:\/\/www.bqsystems.com.pl\/wp-content\/uploads\/2022\/12\/b2b-450x360-3-106x106.jpg 106w\" sizes=\"auto, (max-width: 450px) 100vw, 450px\" \/>\t\t\t\t\t\t\t\t\n\t\t\t\t\t\t\t\t<div class=\"prot_content\">\n\t\t\t\t\t\t\t\t\t<div class=\"prot_content_inner\">\n\n\t\t\t\t\t\t\t\t\t\n\t\t\t\t\t\t\t\t\t<div class=\"picon\">\n\t\t\t\t\t\t\t\t\t\t\t\t\t\t\t\t\t\t\n\t\t\t\t\t\t\t\t\t\t\t\t\t\t\t\t\n\t\t\t\t\t\t\t\t\t\t\n\t\t\t\t\t\t\t\t\t\t\n\t\t\t\t\t\t\t\t\t\t\n\t\t\t\t\t\t\t\t\t\t\n\t\t\t\t\t\t\t\t\t<\/div>\n\t\t\t\t\t\t\t\t\t\t\t\t\t\t\t\t\t\t\t\t\n\t\t\t\t\t\t\t\t\t\t\t\t\t\t\t\t\t\t\t\t\n\t\t\t\t\t\t\t\t\t\t\t\t\t\t\t\t\t\t\n\t\t\t\t\t\t\t\t\t\t\n\t\t\t\t\t\t\n\t\t\t\t\t\t\t\t\t<\/div>\n\n\t\t\t\t\t\t\t\t\n\t\t\t\t\t\t\t\t\t\n\t\t\t\t\t\t\t\t<\/div>\n\t\t\t\t\t\t\t\t\t\t\n\t\t\t\t\t\t\t<\/div>\t\n\n\t\t\t\t\t\t\t\t\t\t\t\t\t\t\t\t\t\t\t<div class=\"pprotfolio4\">\n\t\t\t\t\t\t\t\t\t\t\t<div class=\"porttitle_inner4\">\n\t\t\t\t\t\t\t\t\t\t\t\t\n\t\t\t\t\t\t\t\t\t\t\t\t<h3><a href=\"https:\/\/www.bqsystems.com.pl\/index.php\/em_portfolios\/demo-media-title-1\/\">Modu\u0142 Przetwarzania Baz B2B<\/a><\/h3>\n\t\t\t\t\t\t\t\t\t\t\t\t\n\t\t\t\t\t\t\t\t\t\t\t\t\n\t\t\t\t\t\t\t\t\t\t\t\t\t\t\t\t\t\t\t\t\t\t\t\t<p>\n\t\t\t\t\t\t\t\t\t\t\t\t\t\t\t\t\t\t\t\t\t\t\t\t\t\t\t<span class=\"category-item-p\">\n\t\t\t\t\t\t\t\t\t\t\t\t\t\t   Przetwarzanie Baz Danych\t\t\t\t\t\t\t\t\t\t\t\t\t\t<\/span>\t\t\t\t\t\t\t\t\t\t\t\t\t\t\t\t\t\t\t\n\t\t\t\t\t\t\t\t\t\t\t\t\t\t\t\t\t\t\t\t\t\t\t\t\t\t\t\n\t\t\t\t\t\t\t\t\t\t\t\t<\/p>\n\t\t\t\t\t\t\t\t\t\t\t\t\t\t\t\t\t\t\t\t\t\t\t\t\n\t\t\t\t\t\t\t\t\t\t\t\t\t\n\t\t\t\t\t\t\t\t\t\t\t<\/div>\n\t\t\t\t\t\t\t\t\t\t<\/div>\n\t\t\t\t\t\t\t\t\t\n\t\t\t\t\t\t\t\t\t\n\t\t\t\t\t\t\t\t\t\t\t\n\t\t\t\t\t\t\t\t\t\t\t\t\t\t\t\t\t\n\n\t\t\t\t\t\t\t\t\n\t\t\t\t\t\t\t<\/div>\n\t\t\t\t\t\t<\/div>\n\t\t\t\t\t\t\t\t\t\t\t<!-- single portfolio -->\n\t\t\t\t\t<div class=\"col-lg-2  grid-item col-md-6 col-xs-12 col-sm-12 serwisy-internetowe    witr_all_mb_30\" >\n\t\t\t\t\t\t\t<div class=\"single_protfolio\">\n\t\t\t\t\t\t\t\n\t\t\t\t\t\t\t\t\n\t\t\t\t\t\t\t\t\n\t\t\t\t\t\t\t\t\t\t\t\t\t\n\t\t\t\t\t\t\t<div class=\"prot_thumb\">\n\t\t\t\t\t\t\t\t\n\t\t\t\t\t\t\t\t\t<img loading=\"lazy\" decoding=\"async\" width=\"250\" height=\"250\" src=\"https:\/\/www.bqsystems.com.pl\/wp-content\/uploads\/2022\/12\/kuriero_logo.png\" class=\"attachment-themex-gallery-thumb size-themex-gallery-thumb wp-post-image\" alt=\"\" srcset=\"https:\/\/www.bqsystems.com.pl\/wp-content\/uploads\/2022\/12\/kuriero_logo.png 250w, https:\/\/www.bqsystems.com.pl\/wp-content\/uploads\/2022\/12\/kuriero_logo-150x150.png 150w, https:\/\/www.bqsystems.com.pl\/wp-content\/uploads\/2022\/12\/kuriero_logo-106x106.png 106w\" sizes=\"auto, (max-width: 250px) 100vw, 250px\" \/>\t\t\t\t\t\t\t\t\n\t\t\t\t\t\t\t\t<div class=\"prot_content\">\n\t\t\t\t\t\t\t\t\t<div class=\"prot_content_inner\">\n\n\t\t\t\t\t\t\t\t\t\n\t\t\t\t\t\t\t\t\t<div class=\"picon\">\n\t\t\t\t\t\t\t\t\t\t\t\t\t\t\t\t\t\t\n\t\t\t\t\t\t\t\t\t\t\t\t\t\t\t\t\n\t\t\t\t\t\t\t\t\t\t\t\t\t\t\t\t\t\t\t\n\t\t\t\t\t\t\t\t\t\t<a class=\"portfolio-icon venobox\" data-gall=\"myportfolio\" href=\"https:\/\/www.bqsystems.com.pl\/wp-content\/uploads\/2022\/12\/kuriero_logo.png\"><i class=\"fas fa-arrows-alt\"><\/i><\/a>\n\t\t\t\t\t\t\t\t\t\t\n\t\t\t\t\t\t\t\t\t\t\n\t\t\t\t\t\t\t\t\t\t\n\t\t\t\t\t\t\t\t\t\t\n\t\t\t\t\t\t\t\t\t<\/div>\n\t\t\t\t\t\t\t\t\t\t\t\t\t\t\t\t\t\t\t\t\n\t\t\t\t\t\t\t\t\t\t\t\t\t\t\t\t\t\t\t\t\n\t\t\t\t\t\t\t\t\t\t\t\t\t\t\t\t\t\t\n\t\t\t\t\t\t\t\t\t\t\n\t\t\t\t\t\t\n\t\t\t\t\t\t\t\t\t<\/div>\n\n\t\t\t\t\t\t\t\t\n\t\t\t\t\t\t\t\t\t\n\t\t\t\t\t\t\t\t<\/div>\n\t\t\t\t\t\t\t\t\t\t\n\t\t\t\t\t\t\t<\/div>\t\n\n\t\t\t\t\t\t\t\t\t\t\t\t\t\t\t\t\t\t\t<div class=\"pprotfolio4\">\n\t\t\t\t\t\t\t\t\t\t\t<div class=\"porttitle_inner4\">\n\t\t\t\t\t\t\t\t\t\t\t\t\n\t\t\t\t\t\t\t\t\t\t\t\t<h3><a href=\"https:\/\/www.bqsystems.com.pl\/index.php\/em_portfolios\/demo-media-title-2\/\">Portal Por\u00f3wnywarki Us\u0142ug Kurierskich<\/a><\/h3>\n\t\t\t\t\t\t\t\t\t\t\t\t\n\t\t\t\t\t\t\t\t\t\t\t\t\n\t\t\t\t\t\t\t\t\t\t\t\t\t\t\t\t\t\t\t\t\t\t\t\t<p>\n\t\t\t\t\t\t\t\t\t\t\t\t\t\t\t\t\t\t\t\t\t\t\t\t\t\t\t<span class=\"category-item-p\">\n\t\t\t\t\t\t\t\t\t\t\t\t\t\t   Serwisy Internetowe\t\t\t\t\t\t\t\t\t\t\t\t\t\t<\/span>\t\t\t\t\t\t\t\t\t\t\t\t\t\t\t\t\t\t\t\n\t\t\t\t\t\t\t\t\t\t\t\t\t\t\t\t\t\t\t\t\t\t\t\t\t\t\t\n\t\t\t\t\t\t\t\t\t\t\t\t<\/p>\n\t\t\t\t\t\t\t\t\t\t\t\t\t\t\t\t\t\t\t\t\t\t\t\t\n\t\t\t\t\t\t\t\t\t\t\t\t\t\n\t\t\t\t\t\t\t\t\t\t\t<\/div>\n\t\t\t\t\t\t\t\t\t\t<\/div>\n\t\t\t\t\t\t\t\t\t\n\t\t\t\t\t\t\t\t\t\n\t\t\t\t\t\t\t\t\t\t\t\n\t\t\t\t\t\t\t\t\t\t\t\t\t\t\t\t\t\n\n\t\t\t\t\t\t\t\t\n\t\t\t\t\t\t\t<\/div>\n\t\t\t\t\t\t<\/div>\n\t\t\t\t\t\t\t\t\t\t\t<!-- single portfolio -->\n\t\t\t\t\t<div class=\"col-lg-2  grid-item col-md-6 col-xs-12 col-sm-12 crawler    witr_all_mb_30\" >\n\t\t\t\t\t\t\t<div class=\"single_protfolio\">\n\t\t\t\t\t\t\t\n\t\t\t\t\t\t\t\t\n\t\t\t\t\t\t\t\t\n\t\t\t\t\t\t\t\t\t\t\t\t\t\n\t\t\t\t\t\t\t<div class=\"prot_thumb\">\n\t\t\t\t\t\t\t\t\n\t\t\t\t\t\t\t\t\t<img loading=\"lazy\" decoding=\"async\" width=\"560\" height=\"560\" src=\"https:\/\/www.bqsystems.com.pl\/wp-content\/uploads\/2020\/10\/GoogleBot-webcrawler-560x560.webp\" class=\"attachment-themex-gallery-thumb size-themex-gallery-thumb wp-post-image\" alt=\"\" srcset=\"https:\/\/www.bqsystems.com.pl\/wp-content\/uploads\/2020\/10\/GoogleBot-webcrawler-560x560.webp 560w, https:\/\/www.bqsystems.com.pl\/wp-content\/uploads\/2020\/10\/GoogleBot-webcrawler-150x150.webp 150w, https:\/\/www.bqsystems.com.pl\/wp-content\/uploads\/2020\/10\/GoogleBot-webcrawler-450x450.webp 450w, https:\/\/www.bqsystems.com.pl\/wp-content\/uploads\/2020\/10\/GoogleBot-webcrawler-106x106.webp 106w\" sizes=\"auto, (max-width: 560px) 100vw, 560px\" \/>\t\t\t\t\t\t\t\t\n\t\t\t\t\t\t\t\t<div class=\"prot_content\">\n\t\t\t\t\t\t\t\t\t<div class=\"prot_content_inner\">\n\n\t\t\t\t\t\t\t\t\t\n\t\t\t\t\t\t\t\t\t<div class=\"picon\">\n\t\t\t\t\t\t\t\t\t\t\t\t\t\t\t\t\t\t\n\t\t\t\t\t\t\t\t\t\t\t\t\t\t\t\t\n\t\t\t\t\t\t\t\t\t\t\n\t\t\t\t\t\t\t\t\t\t\n\t\t\t\t\t\t\t\t\t\t\n\t\t\t\t\t\t\t\t\t\t\n\t\t\t\t\t\t\t\t\t<\/div>\n\t\t\t\t\t\t\t\t\t\t\t\t\t\t\t\t\t\t\t\t\n\t\t\t\t\t\t\t\t\t\t\t\t\t\t\t\t\t\t\t\t\n\t\t\t\t\t\t\t\t\t\t\t\t\t\t\t\t\t\t\n\t\t\t\t\t\t\t\t\t\t\n\t\t\t\t\t\t\n\t\t\t\t\t\t\t\t\t<\/div>\n\n\t\t\t\t\t\t\t\t\n\t\t\t\t\t\t\t\t\t\n\t\t\t\t\t\t\t\t<\/div>\n\t\t\t\t\t\t\t\t\t\t\n\t\t\t\t\t\t\t<\/div>\t\n\n\t\t\t\t\t\t\t\t\t\t\t\t\t\t\t\t\t\t\t<div class=\"pprotfolio4\">\n\t\t\t\t\t\t\t\t\t\t\t<div class=\"porttitle_inner4\">\n\t\t\t\t\t\t\t\t\t\t\t\t\n\t\t\t\t\t\t\t\t\t\t\t\t<h3><a href=\"https:\/\/www.bqsystems.com.pl\/index.php\/em_portfolios\/demo-media-title-3\/\">Crawler Danych Internetowych<\/a><\/h3>\n\t\t\t\t\t\t\t\t\t\t\t\t\n\t\t\t\t\t\t\t\t\t\t\t\t\n\t\t\t\t\t\t\t\t\t\t\t\t\t\t\t\t\t\t\t\t\t\t\t\t<p>\n\t\t\t\t\t\t\t\t\t\t\t\t\t\t\t\t\t\t\t\t\t\t\t\t\t\t\t<span class=\"category-item-p\">\n\t\t\t\t\t\t\t\t\t\t\t\t\t\t   Crawler\t\t\t\t\t\t\t\t\t\t\t\t\t\t<\/span>\t\t\t\t\t\t\t\t\t\t\t\t\t\t\t\t\t\t\t\n\t\t\t\t\t\t\t\t\t\t\t\t\t\t\t\t\t\t\t\t\t\t\t\t\t\t\t\n\t\t\t\t\t\t\t\t\t\t\t\t<\/p>\n\t\t\t\t\t\t\t\t\t\t\t\t\t\t\t\t\t\t\t\t\t\t\t\t\n\t\t\t\t\t\t\t\t\t\t\t\t\t\n\t\t\t\t\t\t\t\t\t\t\t<\/div>\n\t\t\t\t\t\t\t\t\t\t<\/div>\n\t\t\t\t\t\t\t\t\t\n\t\t\t\t\t\t\t\t\t\n\t\t\t\t\t\t\t\t\t\t\t\n\t\t\t\t\t\t\t\t\t\t\t\t\t\t\t\t\t\n\n\t\t\t\t\t\t\t\t\n\t\t\t\t\t\t\t<\/div>\n\t\t\t\t\t\t<\/div>\n\t\t\t\t\t\t\t\t\t\t\t<!-- single portfolio -->\n\t\t\t\t\t<div class=\"col-lg-2  grid-item col-md-6 col-xs-12 col-sm-12 system-crm    witr_all_mb_30\" >\n\t\t\t\t\t\t\t<div class=\"single_protfolio\">\n\t\t\t\t\t\t\t\n\t\t\t\t\t\t\t\t\n\t\t\t\t\t\t\t\t\n\t\t\t\t\t\t\t\t\t\t\t\t\t\n\t\t\t\t\t\t\t<div class=\"prot_thumb\">\n\t\t\t\t\t\t\t\t\n\t\t\t\t\t\t\t\t\t<img loading=\"lazy\" decoding=\"async\" width=\"250\" height=\"250\" src=\"https:\/\/www.bqsystems.com.pl\/wp-content\/uploads\/2022\/12\/CRM250_1_250-1.jpg\" class=\"attachment-themex-gallery-thumb size-themex-gallery-thumb wp-post-image\" alt=\"\" srcset=\"https:\/\/www.bqsystems.com.pl\/wp-content\/uploads\/2022\/12\/CRM250_1_250-1.jpg 250w, https:\/\/www.bqsystems.com.pl\/wp-content\/uploads\/2022\/12\/CRM250_1_250-1-150x150.jpg 150w, https:\/\/www.bqsystems.com.pl\/wp-content\/uploads\/2022\/12\/CRM250_1_250-1-106x106.jpg 106w\" sizes=\"auto, (max-width: 250px) 100vw, 250px\" \/>\t\t\t\t\t\t\t\t\n\t\t\t\t\t\t\t\t<div class=\"prot_content\">\n\t\t\t\t\t\t\t\t\t<div class=\"prot_content_inner\">\n\n\t\t\t\t\t\t\t\t\t\n\t\t\t\t\t\t\t\t\t<div class=\"picon\">\n\t\t\t\t\t\t\t\t\t\t\t\t\t\t\t\t\t\t\n\t\t\t\t\t\t\t\t\t\t\t\t\t\t\t\t\n\t\t\t\t\t\t\t\t\t\t\t\t\t\t\t\t\t\t\t\n\t\t\t\t\t\t\t\t\t\t<a class=\"portfolio-icon venobox\" data-gall=\"myportfolio\" href=\"https:\/\/www.bqsystems.com.pl\/wp-content\/uploads\/2022\/12\/CRM250_1_250-1.jpg\"><i class=\"fas fa-arrows-alt\"><\/i><\/a>\n\t\t\t\t\t\t\t\t\t\t\n\t\t\t\t\t\t\t\t\t\t\n\t\t\t\t\t\t\t\t\t\t\n\t\t\t\t\t\t\t\t\t\t\n\t\t\t\t\t\t\t\t\t<\/div>\n\t\t\t\t\t\t\t\t\t\t\t\t\t\t\t\t\t\t\t\t\n\t\t\t\t\t\t\t\t\t\t\t\t\t\t\t\t\t\t\t\t\n\t\t\t\t\t\t\t\t\t\t\t\t\t\t\t\t\t\t\n\t\t\t\t\t\t\t\t\t\t\n\t\t\t\t\t\t\n\t\t\t\t\t\t\t\t\t<\/div>\n\n\t\t\t\t\t\t\t\t\n\t\t\t\t\t\t\t\t\t\n\t\t\t\t\t\t\t\t<\/div>\n\t\t\t\t\t\t\t\t\t\t\n\t\t\t\t\t\t\t<\/div>\t\n\n\t\t\t\t\t\t\t\t\t\t\t\t\t\t\t\t\t\t\t<div class=\"pprotfolio4\">\n\t\t\t\t\t\t\t\t\t\t\t<div class=\"porttitle_inner4\">\n\t\t\t\t\t\t\t\t\t\t\t\t\n\t\t\t\t\t\t\t\t\t\t\t\t<h3><a href=\"https:\/\/www.bqsystems.com.pl\/index.php\/em_portfolios\/demo-media-title-4\/\">System Obs\u0142ugi Relacji z Klientami<\/a><\/h3>\n\t\t\t\t\t\t\t\t\t\t\t\t\n\t\t\t\t\t\t\t\t\t\t\t\t\n\t\t\t\t\t\t\t\t\t\t\t\t\t\t\t\t\t\t\t\t\t\t\t\t<p>\n\t\t\t\t\t\t\t\t\t\t\t\t\t\t\t\t\t\t\t\t\t\t\t\t\t\t\t<span class=\"category-item-p\">\n\t\t\t\t\t\t\t\t\t\t\t\t\t\t   System CRM\t\t\t\t\t\t\t\t\t\t\t\t\t\t<\/span>\t\t\t\t\t\t\t\t\t\t\t\t\t\t\t\t\t\t\t\n\t\t\t\t\t\t\t\t\t\t\t\t\t\t\t\t\t\t\t\t\t\t\t\t\t\t\t\n\t\t\t\t\t\t\t\t\t\t\t\t<\/p>\n\t\t\t\t\t\t\t\t\t\t\t\t\t\t\t\t\t\t\t\t\t\t\t\t\n\t\t\t\t\t\t\t\t\t\t\t\t\t\n\t\t\t\t\t\t\t\t\t\t\t<\/div>\n\t\t\t\t\t\t\t\t\t\t<\/div>\n\t\t\t\t\t\t\t\t\t\n\t\t\t\t\t\t\t\t\t\n\t\t\t\t\t\t\t\t\t\t\t\n\t\t\t\t\t\t\t\t\t\t\t\t\t\t\t\t\t\n\n\t\t\t\t\t\t\t\t\n\t\t\t\t\t\t\t<\/div>\n\t\t\t\t\t\t<\/div>\n\t\t\t\t\t\t\t\t\t\t\t<!-- single portfolio -->\n\t\t\t\t\t<div class=\"col-lg-2  grid-item col-md-6 col-xs-12 col-sm-12 przetwarzanie-baz-danych    witr_all_mb_30\" >\n\t\t\t\t\t\t\t<div class=\"single_protfolio\">\n\t\t\t\t\t\t\t\n\t\t\t\t\t\t\t\t\n\t\t\t\t\t\t\t\t\n\t\t\t\t\t\t\t\t\t\t\t\t\t\n\t\t\t\t\t\t\t<div class=\"prot_thumb\">\n\t\t\t\t\t\t\t\t\n\t\t\t\t\t\t\t\t\t<img loading=\"lazy\" decoding=\"async\" width=\"560\" height=\"477\" src=\"https:\/\/www.bqsystems.com.pl\/wp-content\/uploads\/2020\/10\/Data_Processing-560x477.webp\" class=\"attachment-themex-gallery-thumb size-themex-gallery-thumb wp-post-image\" alt=\"\" \/>\t\t\t\t\t\t\t\t\n\t\t\t\t\t\t\t\t<div class=\"prot_content\">\n\t\t\t\t\t\t\t\t\t<div class=\"prot_content_inner\">\n\n\t\t\t\t\t\t\t\t\t\n\t\t\t\t\t\t\t\t\t<div class=\"picon\">\n\t\t\t\t\t\t\t\t\t\t\t\t\t\t\t\t\t\t\n\t\t\t\t\t\t\t\t\t\t\t\t\t\t\t\t\n\t\t\t\t\t\t\t\t\t\t\t\t\t\t\t\t\t\t\t\n\t\t\t\t\t\t\t\t\t\t<a class=\"portfolio-icon venobox\" data-gall=\"myportfolio\" href=\"https:\/\/www.bqsystems.com.pl\/wp-content\/uploads\/2020\/10\/Data_Processing.webp\"><i class=\"fas fa-arrows-alt\"><\/i><\/a>\n\t\t\t\t\t\t\t\t\t\t\n\t\t\t\t\t\t\t\t\t\t\n\t\t\t\t\t\t\t\t\t\t\n\t\t\t\t\t\t\t\t\t\t\n\t\t\t\t\t\t\t\t\t<\/div>\n\t\t\t\t\t\t\t\t\t\t\t\t\t\t\t\t\t\t\t\t\n\t\t\t\t\t\t\t\t\t\t\t\t\t\t\t\t\t\t\t\t\n\t\t\t\t\t\t\t\t\t\t\t\t\t\t\t\t\t\t\n\t\t\t\t\t\t\t\t\t\t\n\t\t\t\t\t\t\n\t\t\t\t\t\t\t\t\t<\/div>\n\n\t\t\t\t\t\t\t\t\n\t\t\t\t\t\t\t\t\t\n\t\t\t\t\t\t\t\t<\/div>\n\t\t\t\t\t\t\t\t\t\t\n\t\t\t\t\t\t\t<\/div>\t\n\n\t\t\t\t\t\t\t\t\t\t\t\t\t\t\t\t\t\t\t<div class=\"pprotfolio4\">\n\t\t\t\t\t\t\t\t\t\t\t<div class=\"porttitle_inner4\">\n\t\t\t\t\t\t\t\t\t\t\t\t\n\t\t\t\t\t\t\t\t\t\t\t\t<h3><a href=\"https:\/\/www.bqsystems.com.pl\/index.php\/em_portfolios\/demo-media-title-5\/\">Modu\u0142 Przetwarzania Danych B2C<\/a><\/h3>\n\t\t\t\t\t\t\t\t\t\t\t\t\n\t\t\t\t\t\t\t\t\t\t\t\t\n\t\t\t\t\t\t\t\t\t\t\t\t\t\t\t\t\t\t\t\t\t\t\t\t<p>\n\t\t\t\t\t\t\t\t\t\t\t\t\t\t\t\t\t\t\t\t\t\t\t\t\t\t\t<span class=\"category-item-p\">\n\t\t\t\t\t\t\t\t\t\t\t\t\t\t   Przetwarzanie Baz Danych\t\t\t\t\t\t\t\t\t\t\t\t\t\t<\/span>\t\t\t\t\t\t\t\t\t\t\t\t\t\t\t\t\t\t\t\n\t\t\t\t\t\t\t\t\t\t\t\t\t\t\t\t\t\t\t\t\t\t\t\t\t\t\t\n\t\t\t\t\t\t\t\t\t\t\t\t<\/p>\n\t\t\t\t\t\t\t\t\t\t\t\t\t\t\t\t\t\t\t\t\t\t\t\t\n\t\t\t\t\t\t\t\t\t\t\t\t\t\n\t\t\t\t\t\t\t\t\t\t\t<\/div>\n\t\t\t\t\t\t\t\t\t\t<\/div>\n\t\t\t\t\t\t\t\t\t\n\t\t\t\t\t\t\t\t\t\n\t\t\t\t\t\t\t\t\t\t\t\n\t\t\t\t\t\t\t\t\t\t\t\t\t\t\t\t\t\n\n\t\t\t\t\t\t\t\t\n\t\t\t\t\t\t\t<\/div>\n\t\t\t\t\t\t<\/div>\n\t\t\t\t\t\t\n\t\t\t\t\t\t\t\t\t<\/div>\n\t\t\t<\/div>\t\t\t\t\t\n\n\t\t\t\t\t\t<!-- START PAGINATION -->\n\t\t\t<div class=\"row\">\n\t\t\t\t<div class=\"col-md-12\">\n\t\t\t\t\t<div class=\"paginations\">\n\t\t\t\t\t\t\n\t\t\t\t\t\t\t\t\t\t\t<\/div>\n\t\t\t\t<\/div>\n\t\t\t<\/div>\n\t\t\t\n\t\t<script type='text\/javascript'>\n\t\t\tjQuery(function($){\n\n\t\t\t\t\/* Portfolio Isotope  *\/\n\n\t\t\t\t$('.em_load').imagesLoaded(function() {\n\n\t\t\t\t\tif ($.fn.isotope) {\n\n\t\t\t\t\t\tvar $portfolio = $('.em_load');\n\n\t\t\t\t\t\t$portfolio.isotope({\n\n\t\t\t\t\t\t\titemSelector: '.grid-item',\n\n\t\t\t\t\t\t\tfilter: '*',\n\n\t\t\t\t\t\t\tresizesContainer: true,\n\n\t\t\t\t\t\t\tlayoutMode: 'masonry',\n\n\t\t\t\t\t\t\ttransitionDuration: '0.8s'\n\n\t\t\t\t\t\t});\n\n\n\t\t\t\t\t\t$('.filter_menu li').on('click', function() {\n\n\t\t\t\t\t\t\t$('.filter_menu li').removeClass('current_menu_item');\n\n\t\t\t\t\t\t\t$(this).addClass('current_menu_item');\n\n\t\t\t\t\t\t\tvar selector = $(this).attr('data-filter');\n\n\t\t\t\t\t\t\t$portfolio.isotope({\n\n\t\t\t\t\t\t\t\tfilter: selector,\n\n\t\t\t\t\t\t\t});\n\n\t\t\t\t\t\t});\n\n\t\t\t\t\t};\n\n\t\t\t\t});\n\n\t\t\t\t\/*--------------------------\n\t\t\t\t\tportfolio gallery post\n\t\t\t\t---------------------------- *\/\n\t\t\t\t$('.portfolio_gallery_post').owlCarousel({\n\t\t\t\t\tnav: true,\n\t\t\t\t\tdots: false,\n\t\t\t\t\tnavText: [\"<i class='fa fa-angle-left'><\/i>\", \"<i class='fa fa-angle-right'><\/i>\"],\n\t\t\t\t\tresponsive: {\n\t\t\t\t\t\t0: {\n\t\t\t\t\t\t\titems: 1\n\t\t\t\t\t\t},\n\t\t\t\t\t\t768: {\n\t\t\t\t\t\t\titems: 1\n\t\t\t\t\t\t},\n\t\t\t\t\t\t992: {\n\t\t\t\t\t\t\titems: 1\n\t\t\t\t\t\t},\n\t\t\t\t\t\t1920: {\n\t\t\t\t\t\t\titems: 1\n\t\t\t\t\t\t}\n\t\t\t\t\t}\n\t\t\t\t})\t\t\t\n\t\t\t\n\t\t\t});\n\t\t<\/script>\t\t\n\t\t\t\t\t\t\n\t\t\t\t\t\t\n\t\t\t\t\t\t\n\t\t\t\t\t\t\n\n\t\t<\/div>\n\t\t\t\t<\/div>\n\t\t\t\t\t<\/div>\n\t\t<\/div>\n\t\t\t\t\t\t\t<\/div>\n\t\t<\/section>\n\t\t\t\t\t<\/div>\n\t\t<\/div>\n\t\t\t\t\t\t\t<\/div>\n\t\t<\/section>\n\t\t\t\t\t\t\t<\/div>\n\t\t","protected":false},"excerpt":{"rendered":"<p>Wszystkie Crawlery Przetwarzanie Baz Danych Serwisy Internetowe System CRM Modu\u0142 Przetwarzania Baz B2B Przetwarzanie Baz Danych Portal Por\u00f3wnywarki Us\u0142ug Kurierskich Serwisy Internetowe Crawler Danych Internetowych Crawlery System Obs\u0142ugi Relacji z Klientami System CRM Modu\u0142 Przetwarzania Danych B2C Przetwarzanie Baz Danych<\/p>\n","protected":false},"author":1,"featured_media":0,"parent":0,"menu_order":0,"comment_status":"closed","ping_status":"closed","template":"template-home.php","meta":{"footnotes":""},"class_list":["post-950","page","type-page","status-publish","hentry"],"_links":{"self":[{"href":"https:\/\/www.bqsystems.com.pl\/index.php\/wp-json\/wp\/v2\/pages\/950","targetHints":{"allow":["GET"]}}],"collection":[{"href":"https:\/\/www.bqsystems.com.pl\/index.php\/wp-json\/wp\/v2\/pages"}],"about":[{"href":"https:\/\/www.bqsystems.com.pl\/index.php\/wp-json\/wp\/v2\/types\/page"}],"author":[{"embeddable":true,"href":"https:\/\/www.bqsystems.com.pl\/index.php\/wp-json\/wp\/v2\/users\/1"}],"replies":[{"embeddable":true,"href":"https:\/\/www.bqsystems.com.pl\/index.php\/wp-json\/wp\/v2\/comments?post=950"}],"version-history":[{"count":12,"href":"https:\/\/www.bqsystems.com.pl\/index.php\/wp-json\/wp\/v2\/pages\/950\/revisions"}],"predecessor-version":[{"id":2932,"href":"https:\/\/www.bqsystems.com.pl\/index.php\/wp-json\/wp\/v2\/pages\/950\/revisions\/2932"}],"wp:attachment":[{"href":"https:\/\/www.bqsystems.com.pl\/index.php\/wp-json\/wp\/v2\/media?parent=950"}],"curies":[{"name":"wp","href":"https:\/\/api.w.org\/{rel}","templated":true}]}}