{"id":2939,"date":"2022-12-29T07:18:24","date_gmt":"2022-12-29T07:18:24","guid":{"rendered":"http:\/\/aizfqyc.cluster031.hosting.ovh.net\/?page_id=2939"},"modified":"2022-12-30T13:01:50","modified_gmt":"2022-12-30T13:01:50","slug":"system-crm","status":"publish","type":"page","link":"https:\/\/www.bqsystems.com.pl\/index.php\/system-crm\/","title":{"rendered":"System CRM"},"content":{"rendered":"\t\t<div data-elementor-type=\"wp-page\" data-elementor-id=\"2939\" class=\"elementor elementor-2939\">\n\t\t\t\t\t\t\t\t\t<section class=\"elementor-section elementor-top-section elementor-element elementor-element-f5b4f24 elementor-section-boxed elementor-section-height-default elementor-section-height-default\" data-id=\"f5b4f24\" data-element_type=\"section\">\n\t\t\t\t\t\t<div class=\"elementor-container elementor-column-gap-default\">\n\t\t\t\t\t<div class=\"elementor-column elementor-col-50 elementor-top-column elementor-element elementor-element-db5d2ac\" data-id=\"db5d2ac\" data-element_type=\"column\">\n\t\t\t<div class=\"elementor-widget-wrap elementor-element-populated\">\n\t\t\t\t\t\t\t\t<div class=\"elementor-element elementor-element-75c027b elementor-widget elementor-widget-text-editor\" data-id=\"75c027b\" data-element_type=\"widget\" data-widget_type=\"text-editor.default\">\n\t\t\t\t<div class=\"elementor-widget-container\">\n\t\t\t<style>\/*! elementor - v3.9.2 - 21-12-2022 *\/\n.elementor-widget-text-editor.elementor-drop-cap-view-stacked .elementor-drop-cap{background-color:#818a91;color:#fff}.elementor-widget-text-editor.elementor-drop-cap-view-framed .elementor-drop-cap{color:#818a91;border:3px solid;background-color:transparent}.elementor-widget-text-editor:not(.elementor-drop-cap-view-default) .elementor-drop-cap{margin-top:8px}.elementor-widget-text-editor:not(.elementor-drop-cap-view-default) .elementor-drop-cap-letter{width:1em;height:1em}.elementor-widget-text-editor .elementor-drop-cap{float:left;text-align:center;line-height:1;font-size:50px}.elementor-widget-text-editor .elementor-drop-cap-letter{display:inline-block}<\/style>\t\t\t\t<p>W ramach \u015bwiadczonych przez Nas us\u0142ug wdra\u017camy systemy do obs\u0142ugi relacji z kontrahentami \u2013 oprogramowanie CRM.<\/p><p>Udost\u0119pniamy naszym Klientom CRM w modelu SaaS (oprogramowanie jest instalowane na naszych serwerach, klient za ustalon\u0105 miesi\u0119czn\u0105 op\u0142at\u0119 korzysta z jego modu\u0142\u00f3w), lub instalujemy oprogramowanie na serwerach Klienta.<\/p><p>Cechy systemu CRM oferowanego przez BQSystems:<\/p><p>Gromadzenie informacji o potencjalnych klientach, kontrahentach oraz osobach kontaktowych<br \/>Zarz\u0105dzanie informacjami o produktach i us\u0142ugach \u015bwiadczonych w przedsi\u0119biorstwie<br \/>Wsparcie przeprowadzania akcji marketingowych<br \/>Wsparcie procesu ofertowania<br \/>Wsparcie procesu sprzeda\u017cy oferowanych produkt\u00f3w i us\u0142ug<br \/>Wsparcie procesu zam\u00f3wie\u0144<br \/>Wsparcie procesu obs\u0142ugi zg\u0142osze\u0144 serwisowych<br \/>Udost\u0119pnienie modu\u0142u poczty elektronicznej zintegrowanego z innymi elementami systemu<br \/>Rozbudowany modu\u0142 raportowania<br \/>Zaawansowany system obs\u0142ugi uprawnie\u0144 do zasob\u00f3w systemowych<\/p>\t\t\t\t\t\t<\/div>\n\t\t\t\t<\/div>\n\t\t\t\t\t<\/div>\n\t\t<\/div>\n\t\t\t\t<div class=\"elementor-column elementor-col-50 elementor-top-column elementor-element elementor-element-fc3fb15\" data-id=\"fc3fb15\" data-element_type=\"column\">\n\t\t\t<div class=\"elementor-widget-wrap elementor-element-populated\">\n\t\t\t\t\t\t\t\t<div class=\"elementor-element elementor-element-3f0a4cc elementor-widget elementor-widget-image\" data-id=\"3f0a4cc\" data-element_type=\"widget\" data-widget_type=\"image.default\">\n\t\t\t\t<div class=\"elementor-widget-container\">\n\t\t\t<style>\/*! elementor - v3.9.2 - 21-12-2022 *\/\n.elementor-widget-image{text-align:center}.elementor-widget-image a{display:inline-block}.elementor-widget-image a img[src$=\".svg\"]{width:48px}.elementor-widget-image img{vertical-align:middle;display:inline-block}<\/style>\t\t\t\t\t\t\t\t\t\t\t\t<img loading=\"lazy\" decoding=\"async\" width=\"556\" height=\"322\" src=\"https:\/\/www.bqsystems.com.pl\/wp-content\/uploads\/2022\/12\/crm-g59f6e5b19_640-1.jpg\" class=\"attachment-large size-large wp-image-3069\" alt=\"\" srcset=\"https:\/\/www.bqsystems.com.pl\/wp-content\/uploads\/2022\/12\/crm-g59f6e5b19_640-1.jpg 556w, https:\/\/www.bqsystems.com.pl\/wp-content\/uploads\/2022\/12\/crm-g59f6e5b19_640-1-300x174.jpg 300w\" sizes=\"auto, (max-width: 556px) 100vw, 556px\" \/>\t\t\t\t\t\t\t\t\t\t\t\t\t\t\t<\/div>\n\t\t\t\t<\/div>\n\t\t\t\t\t<\/div>\n\t\t<\/div>\n\t\t\t\t\t\t\t<\/div>\n\t\t<\/section>\n\t\t\t\t\t\t\t<\/div>\n\t\t","protected":false},"excerpt":{"rendered":"<p>W ramach \u015bwiadczonych przez Nas us\u0142ug wdra\u017camy systemy do obs\u0142ugi relacji z kontrahentami \u2013 oprogramowanie CRM. Udost\u0119pniamy naszym Klientom CRM w modelu SaaS (oprogramowanie jest instalowane na naszych serwerach, klient za ustalon\u0105 miesi\u0119czn\u0105 op\u0142at\u0119 korzysta z jego modu\u0142\u00f3w), lub instalujemy oprogramowanie na serwerach Klienta. Cechy systemu CRM oferowanego przez BQSystems: Gromadzenie informacji o potencjalnych klientach, [&hellip;]<\/p>\n","protected":false},"author":1,"featured_media":0,"parent":0,"menu_order":0,"comment_status":"closed","ping_status":"closed","template":"","meta":{"footnotes":""},"class_list":["post-2939","page","type-page","status-publish","hentry"],"_links":{"self":[{"href":"https:\/\/www.bqsystems.com.pl\/index.php\/wp-json\/wp\/v2\/pages\/2939","targetHints":{"allow":["GET"]}}],"collection":[{"href":"https:\/\/www.bqsystems.com.pl\/index.php\/wp-json\/wp\/v2\/pages"}],"about":[{"href":"https:\/\/www.bqsystems.com.pl\/index.php\/wp-json\/wp\/v2\/types\/page"}],"author":[{"embeddable":true,"href":"https:\/\/www.bqsystems.com.pl\/index.php\/wp-json\/wp\/v2\/users\/1"}],"replies":[{"embeddable":true,"href":"https:\/\/www.bqsystems.com.pl\/index.php\/wp-json\/wp\/v2\/comments?post=2939"}],"version-history":[{"count":7,"href":"https:\/\/www.bqsystems.com.pl\/index.php\/wp-json\/wp\/v2\/pages\/2939\/revisions"}],"predecessor-version":[{"id":3072,"href":"https:\/\/www.bqsystems.com.pl\/index.php\/wp-json\/wp\/v2\/pages\/2939\/revisions\/3072"}],"wp:attachment":[{"href":"https:\/\/www.bqsystems.com.pl\/index.php\/wp-json\/wp\/v2\/media?parent=2939"}],"curies":[{"name":"wp","href":"https:\/\/api.w.org\/{rel}","templated":true}]}}